{"id":358,"date":"2017-05-12T09:58:28","date_gmt":"2017-05-12T07:58:28","guid":{"rendered":"https:\/\/ypa.de\/?page_id=19"},"modified":"2020-06-02T08:38:49","modified_gmt":"2020-06-02T06:38:49","slug":"unternehmen","status":"publish","type":"page","link":"https:\/\/ypa.de\/privat\/","title":{"rendered":"Young Pro f\u00fcr Sch\u00fcler"},"content":{"rendered":"","protected":false},"excerpt":{"rendered":"","protected":false},"author":1,"featured_media":0,"parent":0,"menu_order":0,"comment_status":"closed","ping_status":"closed","template":"","meta":[],"acf":[],"yoast_head":"<!-- This site is optimized with the Yoast SEO plugin v16.4 - https:\/\/yoast.com\/wordpress\/plugins\/seo\/ -->\n<title>Young Pro f\u00fcr Sch\u00fcler - Sch\u00fcler - Young Pro Academy<\/title>\n<meta name=\"robots\" content=\"index, follow, max-snippet:-1, max-image-preview:large, max-video-preview:-1\" \/>\n<link rel=\"canonical\" href=\"https:\/\/ypa.de\/privat\/\" \/>\n<meta property=\"og:locale\" content=\"de_DE\" \/>\n<meta property=\"og:type\" content=\"article\" \/>\n<meta property=\"og:title\" content=\"Young Pro f\u00fcr Sch\u00fcler - Sch\u00fcler - Young Pro Academy\" \/>\n<meta property=\"og:url\" content=\"https:\/\/ypa.de\/privat\/\" \/>\n<meta property=\"og:site_name\" content=\"Sch\u00fcler - Young Pro Academy\" \/>\n<meta property=\"article:modified_time\" content=\"2020-06-02T06:38:49+00:00\" \/>\n<meta name=\"twitter:card\" content=\"summary\" \/>\n<script type=\"application\/ld+json\" class=\"yoast-schema-graph\">{\"@context\":\"https:\/\/schema.org\",\"@graph\":[{\"@type\":\"WebSite\",\"@id\":\"https:\/\/ypa.de\/privat\/#website\",\"url\":\"https:\/\/ypa.de\/privat\/\",\"name\":\"Sch\\u00fcler - Young Pro Academy\",\"description\":\"\",\"potentialAction\":[{\"@type\":\"SearchAction\",\"target\":\"https:\/\/ypa.de\/privat\/?s={search_term_string}\",\"query-input\":\"required name=search_term_string\"}],\"inLanguage\":\"de\"},{\"@type\":\"WebPage\",\"@id\":\"https:\/\/ypa.de\/privat\/#webpage\",\"url\":\"https:\/\/ypa.de\/privat\/\",\"name\":\"Young Pro f\\u00fcr Sch\\u00fcler - Sch\\u00fcler - Young Pro Academy\",\"isPartOf\":{\"@id\":\"https:\/\/ypa.de\/privat\/#website\"},\"datePublished\":\"2017-05-12T07:58:28+00:00\",\"dateModified\":\"2020-06-02T06:38:49+00:00\",\"breadcrumb\":{\"@id\":\"https:\/\/ypa.de\/privat\/#breadcrumb\"},\"inLanguage\":\"de\",\"potentialAction\":[{\"@type\":\"ReadAction\",\"target\":[\"https:\/\/ypa.de\/privat\/\"]}]},{\"@type\":\"BreadcrumbList\",\"@id\":\"https:\/\/ypa.de\/privat\/#breadcrumb\",\"itemListElement\":[{\"@type\":\"ListItem\",\"position\":1,\"item\":{\"@type\":\"WebPage\",\"@id\":\"https:\/\/ypa.de\/privat\/\",\"url\":\"https:\/\/ypa.de\/privat\/\",\"name\":\"Startseite\"}},{\"@type\":\"ListItem\",\"position\":2,\"item\":{\"@id\":\"https:\/\/ypa.de\/privat\/#webpage\"}}]}]}<\/script>\n<!-- \/ Yoast SEO plugin. -->","_links":{"self":[{"href":"https:\/\/ypa.de\/privat\/wp-json\/wp\/v2\/pages\/358"}],"collection":[{"href":"https:\/\/ypa.de\/privat\/wp-json\/wp\/v2\/pages"}],"about":[{"href":"https:\/\/ypa.de\/privat\/wp-json\/wp\/v2\/types\/page"}],"author":[{"embeddable":true,"href":"https:\/\/ypa.de\/privat\/wp-json\/wp\/v2\/users\/1"}],"replies":[{"embeddable":true,"href":"https:\/\/ypa.de\/privat\/wp-json\/wp\/v2\/comments?post=358"}],"version-history":[{"count":140,"href":"https:\/\/ypa.de\/privat\/wp-json\/wp\/v2\/pages\/358\/revisions"}],"predecessor-version":[{"id":1610,"href":"https:\/\/ypa.de\/privat\/wp-json\/wp\/v2\/pages\/358\/revisions\/1610"}],"wp:attachment":[{"href":"https:\/\/ypa.de\/privat\/wp-json\/wp\/v2\/media?parent=358"}],"curies":[{"name":"wp","href":"https:\/\/api.w.org\/{rel}","templated":true}]}}